{"id":300,"date":"2023-03-01T15:41:51","date_gmt":"2023-03-01T14:41:51","guid":{"rendered":"https:\/\/www.abogadossyc.com\/contact-us\/"},"modified":"2023-03-07T20:15:25","modified_gmt":"2023-03-07T19:15:25","slug":"contact-us","status":"publish","type":"page","link":"https:\/\/www.abogadossyc.com\/en\/contact-us\/","title":{"rendered":"Contact us"},"content":{"rendered":"<p><div class=\"fusion-fullwidth fullwidth-box fusion-builder-row-1 fusion-flex-container has-pattern-background has-mask-background nonhundred-percent-fullwidth non-hundred-percent-height-scrolling\" style=\"--awb-border-radius-top-left:0px;--awb-border-radius-top-right:0px;--awb-border-radius-bottom-right:0px;--awb-border-radius-bottom-left:0px;\" ><div class=\"fusion-builder-row fusion-row fusion-flex-align-items-flex-start\" style=\"max-width:1248px;margin-left: calc(-4% \/ 2 );margin-right: calc(-4% \/ 2 );\"><div class=\"fusion-layout-column fusion_builder_column fusion-builder-column-0 fusion_builder_column_1_1 1_1 fusion-flex-column\" style=\"--awb-bg-size:cover;--awb-width-large:100%;--awb-margin-top-large:0px;--awb-spacing-right-large:1.92%;--awb-margin-bottom-large:20px;--awb-spacing-left-large:1.92%;--awb-width-medium:100%;--awb-order-medium:0;--awb-spacing-right-medium:1.92%;--awb-spacing-left-medium:1.92%;--awb-width-small:100%;--awb-order-small:0;--awb-spacing-right-small:1.92%;--awb-spacing-left-small:1.92%;\"><div class=\"fusion-column-wrapper fusion-column-has-shadow fusion-flex-justify-content-flex-start fusion-content-layout-column\"><div class=\"fusion-title title fusion-title-1 fusion-sep-none fusion-title-center fusion-title-text fusion-title-size-one\"><h1 class=\"title-heading-center\" style=\"margin:0;\">Contact us<\/h1><\/div><\/div><\/div><div class=\"fusion-layout-column fusion_builder_column fusion-builder-column-1 fusion_builder_column_2_3 2_3 fusion-flex-column\" style=\"--awb-padding-top:20px;--awb-padding-right:20px;--awb-padding-bottom:20px;--awb-padding-left:20px;--awb-bg-size:cover;--awb-border-color:var(--awb-color3);--awb-border-top:1px;--awb-border-right:1px;--awb-border-bottom:1px;--awb-border-left:1px;--awb-border-style:solid;--awb-width-large:66.666666666667%;--awb-margin-top-large:0px;--awb-spacing-right-large:2.88%;--awb-margin-bottom-large:20px;--awb-spacing-left-large:2.88%;--awb-width-medium:66.666666666667%;--awb-order-medium:0;--awb-spacing-right-medium:2.88%;--awb-spacing-left-medium:2.88%;--awb-width-small:100%;--awb-order-small:0;--awb-spacing-right-small:1.92%;--awb-spacing-left-small:1.92%;\"><div class=\"fusion-column-wrapper fusion-column-has-shadow fusion-flex-justify-content-flex-start fusion-content-layout-column\">\n<div class=\"wpcf7 no-js\" id=\"wpcf7-f6-o1\" lang=\"es-ES\" dir=\"ltr\" data-wpcf7-id=\"6\">\n<div class=\"screen-reader-response\"><p role=\"status\" aria-live=\"polite\" aria-atomic=\"true\"><\/p> <ul><\/ul><\/div>\n<form action=\"\/en\/wp-json\/wp\/v2\/pages\/300#wpcf7-f6-o1\" method=\"post\" class=\"wpcf7-form init\" aria-label=\"Formulario de contacto\" novalidate=\"novalidate\" data-status=\"init\">\n<fieldset class=\"hidden-fields-container\"><input type=\"hidden\" name=\"_wpcf7\" value=\"6\" \/><input type=\"hidden\" name=\"_wpcf7_version\" value=\"6.1.4\" \/><input type=\"hidden\" name=\"_wpcf7_locale\" value=\"es_ES\" \/><input type=\"hidden\" name=\"_wpcf7_unit_tag\" value=\"wpcf7-f6-o1\" \/><input type=\"hidden\" name=\"_wpcf7_container_post\" value=\"0\" \/><input type=\"hidden\" name=\"_wpcf7_posted_data_hash\" value=\"\" \/><input type=\"hidden\" name=\"_cf7a__timestamp\" value=\"oT1LmZ1BogWrMHglR6TlhQ==\" \/><input type=\"hidden\" name=\"_cf7a_version\" value=\"1.0\" \/><input type=\"hidden\" name=\"_cf7a_address\" value=\"ZitEIbUXTbSKL1L50pCb4g==\" \/><input type=\"hidden\" name=\"_cf7a_referer\" value=\"Hy26ZlsHhcaBPPj9byEU+Q==\" \/><input type=\"hidden\" name=\"_cf7a_protocol\" value=\"rGHuSZ7xfsjUgEjdvO7SWw==\" \/><input type=\"hidden\" name=\"_cf7a_bot_fingerprint\" value=\"oT1LmZ1BogWrMHglR6TlhQ==\" \/><input type=\"hidden\" name=\"_cf7a_bot_fingerprint_extras\" \/><input type=\"hidden\" name=\"_cf7a_append_on_submit\" \/>\n<\/fieldset>\n<p><label> Nombre *<br \/>\n<span class=\"wpcf7-form-control-wrap\" data-name=\"your-name\"><input type=\"text\" name=\"name\" value=\"\" autocomplete=\"fill\" class=\"fit-the-fullspace\" aria-hidden=\"true\" tabindex=\"-1\" \/><input size=\"40\" maxlength=\"400\" class=\"wpcf7-form-control wpcf7-text wpcf7-validates-as-required\" autocomplete=\"name\" aria-required=\"true\" aria-invalid=\"false\" value=\"\" type=\"text\" name=\"your-name\" \/><\/span> <\/label>\n<\/p>\n<p><label> E-mail *<br \/>\n<span class=\"wpcf7-form-control-wrap\" data-name=\"your-email\"><input size=\"40\" maxlength=\"400\" class=\"wpcf7-form-control wpcf7-email wpcf7-validates-as-required wpcf7-text wpcf7-validates-as-email\" autocomplete=\"email\" aria-required=\"true\" aria-invalid=\"false\" value=\"\" type=\"email\" name=\"your-email\" \/><\/span> <\/label>\n<\/p>\n<p><label> Tel\u00e9fono<br \/>\n<span class=\"wpcf7-form-control-wrap\" data-name=\"tel-609\"><input size=\"40\" maxlength=\"400\" class=\"wpcf7-form-control wpcf7-tel wpcf7-text wpcf7-validates-as-tel\" aria-invalid=\"false\" value=\"\" type=\"tel\" name=\"tel-609\" \/><\/span> <\/label>\n<\/p>\n<p><label> Mensaje<br \/>\n<span class=\"wpcf7-form-control-wrap\" data-name=\"dinosalgo\"><textarea cols=\"40\" rows=\"10\" maxlength=\"2000\" class=\"wpcf7-form-control wpcf7-textarea\" aria-invalid=\"false\" name=\"dinosalgo\"><\/textarea><\/span> <\/label>\n<\/p>\n<p style=\"font-size:8px; text-align:justify;\"><br \/>\nLe informamos que sus datos personales ser\u00e1n tratados por DOMIE ASESORES, S.L., con el fin de gestionar su solicitud y el mantenimiento de las relaciones profesionales y comerciales con usted. Sus datos no ser\u00e1n cedidos a terceros. Este tratamiento de datos es necesario para atender su solicitud. Sus datos ser\u00e1n conservados hasta que Usted se d\u00e9 de baja del servicio y\/o pasado un tiempo prudencial desde que atendamos su solicitud. Ud. puede ejercer sus derechos de acceso, rectificaci\u00f3n, cancelaci\u00f3n, oposici\u00f3n, portabilidad y limitaci\u00f3n del tratamiento de sus datos dirigi\u00e9ndose a DOMIE ASESORES, S.L. Paseo De La Habana N\u00ba 15, 4\u00ba Dcha.; 28036 Madrid (Madrid) o a info@abogadossyc.com, acompa\u00f1ando copia de su DNI acreditando debidamente su identidad. En cualquier situaci\u00f3n, Ud. tiene derecho a presentar una reclamaci\u00f3n ante la Agencia Espa\u00f1ola de Protecci\u00f3n de Datos (AEPD).\n<\/p>\n<p style=\"font-size:11px; text-align:justify;\"><span class=\"wpcf7-form-control-wrap\" data-name=\"RDPD\"><span class=\"wpcf7-form-control wpcf7-acceptance\"><span class=\"wpcf7-list-item\"><input type=\"checkbox\" name=\"RDPD\" value=\"1\" aria-invalid=\"false\" \/><\/span><\/span><\/span> He le\u00eddo y acepto lo dispuesto en la normativa de <a href=\"https:\/\/www.boe.es\/biblioteca_juridica\/codigos\/codigo.php?id=055_Proteccion_de_Datos_de_Caracter_Personal&modo=1\">protecci\u00f3n de datos<\/a>\n<\/p>\n<p><input class=\"wpcf7-form-control wpcf7-submit has-spinner\" type=\"submit\" value=\"Enviar\" \/>\n<\/p><div class=\"fusion-alert alert custom alert-custom fusion-alert-center wpcf7-response-output alert-dismissable\" style=\"--awb-border-size:1px;\" role=\"alert\"><div class=\"fusion-alert-content-wrapper\"><span class=\"fusion-alert-content\"><\/span><\/div><button type=\"button\" class=\"close toggle-alert\" data-dismiss=\"alert\" aria-label=\"Close\">&times;<\/button><\/div>\n<\/form>\n<\/div>\n<\/div><\/div><div class=\"fusion-layout-column fusion_builder_column fusion-builder-column-2 fusion_builder_column_1_3 1_3 fusion-flex-column\" style=\"--awb-padding-top:20px;--awb-padding-right:20px;--awb-padding-bottom:20px;--awb-padding-left:20px;--awb-bg-color:var(--awb-color3);--awb-bg-size:cover;--awb-width-large:33.333333333333%;--awb-margin-top-large:0px;--awb-spacing-right-large:5.76%;--awb-margin-bottom-large:20px;--awb-spacing-left-large:5.76%;--awb-width-medium:33.333333333333%;--awb-order-medium:0;--awb-spacing-right-medium:5.76%;--awb-spacing-left-medium:5.76%;--awb-width-small:100%;--awb-order-small:0;--awb-spacing-right-small:1.92%;--awb-spacing-left-small:1.92%;\"><div class=\"fusion-column-wrapper fusion-column-has-shadow fusion-flex-justify-content-flex-start fusion-content-layout-column\"><div class=\"fusion-text fusion-text-1\"><h3 class=\"sidebox-title\">Contact information<\/h3>\n<address><strong>Abogados S&amp;C<\/strong><br \/>\nPaseo de la Habana n\u00ba 15, 4\u00ba dcha<br \/>\n28036 Madrid<br \/>\nEspa\u00f1a<br \/>\nTlf.: +34 917 665 127<br \/>\nFax: +34 917 669 613<\/address>\n<address><strong>Email<\/strong><br \/>\n <a href=\"mailto:info@abogadossyc.com\">info@abogadossyc.com<\/a><\/address>\n<\/div><\/div><\/div><\/div><\/div><div class=\"fusion-fullwidth fullwidth-box fusion-builder-row-2 fusion-flex-container has-pattern-background has-mask-background nonhundred-percent-fullwidth non-hundred-percent-height-scrolling\" style=\"--awb-border-radius-top-left:0px;--awb-border-radius-top-right:0px;--awb-border-radius-bottom-right:0px;--awb-border-radius-bottom-left:0px;\" ><div class=\"fusion-builder-row fusion-row fusion-flex-align-items-flex-start\" style=\"max-width:1248px;margin-left: calc(-4% \/ 2 );margin-right: calc(-4% \/ 2 );\"><div class=\"fusion-layout-column fusion_builder_column fusion-builder-column-3 fusion_builder_column_1_1 1_1 fusion-flex-column\" style=\"--awb-bg-size:cover;--awb-width-large:100%;--awb-margin-top-large:0px;--awb-spacing-right-large:1.92%;--awb-margin-bottom-large:20px;--awb-spacing-left-large:1.92%;--awb-width-medium:100%;--awb-order-medium:0;--awb-spacing-right-medium:1.92%;--awb-spacing-left-medium:1.92%;--awb-width-small:100%;--awb-order-small:0;--awb-spacing-right-small:1.92%;--awb-spacing-left-small:1.92%;\"><div class=\"fusion-column-wrapper fusion-column-has-shadow fusion-flex-justify-content-flex-start fusion-content-layout-column\"><div class=\"fusion-title title fusion-title-2 fusion-sep-none fusion-title-text fusion-title-size-three\" style=\"--awb-text-color:var(--awb-color4);\"><h3 class=\"title-heading-left\" style=\"margin:0;\">Circulars<\/h3><\/div><\/div><\/div><\/div><\/div><\/p>\n","protected":false},"excerpt":{"rendered":"","protected":false},"author":1,"featured_media":0,"parent":0,"menu_order":0,"comment_status":"closed","ping_status":"closed","template":"100-width.php","meta":{"footnotes":""},"class_list":["post-300","page","type-page","status-publish","hentry"],"yoast_head":"<!-- This site is optimized with the Yoast SEO plugin v26.5 - https:\/\/yoast.com\/wordpress\/plugins\/seo\/ -->\n<title>Contact us - S&amp;C Abogados<\/title>\n<meta name=\"description\" content=\"Do you need lawyers specialized in Labor Law? Contact us without obligation.\" \/>\n<meta name=\"robots\" content=\"index, follow, max-snippet:-1, max-image-preview:large, max-video-preview:-1\" \/>\n<link rel=\"canonical\" href=\"https:\/\/www.abogadossyc.com\/en\/contact-us\/\" \/>\n<meta property=\"og:locale\" content=\"en_US\" \/>\n<meta property=\"og:type\" content=\"article\" \/>\n<meta property=\"og:title\" content=\"Contact us - S&amp;C Abogados\" \/>\n<meta property=\"og:description\" content=\"Do you need lawyers specialized in Labor Law? Contact us without obligation.\" \/>\n<meta property=\"og:url\" content=\"https:\/\/www.abogadossyc.com\/en\/contact-us\/\" \/>\n<meta property=\"og:site_name\" content=\"S&amp;C Abogados\" \/>\n<meta property=\"article:modified_time\" content=\"2023-03-07T19:15:25+00:00\" \/>\n<meta name=\"twitter:card\" content=\"summary_large_image\" \/>\n<meta name=\"twitter:label1\" content=\"Est. reading time\" \/>\n\t<meta name=\"twitter:data1\" content=\"14 minutes\" \/>\n<script type=\"application\/ld+json\" class=\"yoast-schema-graph\">{\"@context\":\"https:\/\/schema.org\",\"@graph\":[{\"@type\":\"WebPage\",\"@id\":\"https:\/\/www.abogadossyc.com\/en\/contact-us\/\",\"url\":\"https:\/\/www.abogadossyc.com\/en\/contact-us\/\",\"name\":\"Contact us - S&amp;C Abogados\",\"isPartOf\":{\"@id\":\"https:\/\/www.abogadossyc.com\/#website\"},\"datePublished\":\"2023-03-01T14:41:51+00:00\",\"dateModified\":\"2023-03-07T19:15:25+00:00\",\"description\":\"Do you need lawyers specialized in Labor Law? Contact us without obligation.\",\"breadcrumb\":{\"@id\":\"https:\/\/www.abogadossyc.com\/en\/contact-us\/#breadcrumb\"},\"inLanguage\":\"en-US\",\"potentialAction\":[{\"@type\":\"ReadAction\",\"target\":[\"https:\/\/www.abogadossyc.com\/en\/contact-us\/\"]}]},{\"@type\":\"BreadcrumbList\",\"@id\":\"https:\/\/www.abogadossyc.com\/en\/contact-us\/#breadcrumb\",\"itemListElement\":[{\"@type\":\"ListItem\",\"position\":1,\"name\":\"Portada\",\"item\":\"https:\/\/www.abogadossyc.com\/en\/sc-abogados\/\"},{\"@type\":\"ListItem\",\"position\":2,\"name\":\"Contact us\"}]},{\"@type\":\"WebSite\",\"@id\":\"https:\/\/www.abogadossyc.com\/#website\",\"url\":\"https:\/\/www.abogadossyc.com\/\",\"name\":\"S&C Abogados\",\"description\":\"Boutique Jur&iacute;dico legal\",\"publisher\":{\"@id\":\"https:\/\/www.abogadossyc.com\/#organization\"},\"potentialAction\":[{\"@type\":\"SearchAction\",\"target\":{\"@type\":\"EntryPoint\",\"urlTemplate\":\"https:\/\/www.abogadossyc.com\/?s={search_term_string}\"},\"query-input\":{\"@type\":\"PropertyValueSpecification\",\"valueRequired\":true,\"valueName\":\"search_term_string\"}}],\"inLanguage\":\"en-US\"},{\"@type\":\"Organization\",\"@id\":\"https:\/\/www.abogadossyc.com\/#organization\",\"name\":\"S&;C Abogados\",\"url\":\"https:\/\/www.abogadossyc.com\/\",\"logo\":{\"@type\":\"ImageObject\",\"inLanguage\":\"en-US\",\"@id\":\"https:\/\/www.abogadossyc.com\/#\/schema\/logo\/image\/\",\"url\":\"https:\/\/www.abogadossyc.com\/wp-content\/uploads\/2023\/02\/SyC-Abogados.png\",\"contentUrl\":\"https:\/\/www.abogadossyc.com\/wp-content\/uploads\/2023\/02\/SyC-Abogados.png\",\"width\":170,\"height\":139,\"caption\":\"S&;C Abogados\"},\"image\":{\"@id\":\"https:\/\/www.abogadossyc.com\/#\/schema\/logo\/image\/\"}}]}<\/script>\n<!-- \/ Yoast SEO plugin. -->","yoast_head_json":{"title":"Contact us - S&amp;C Abogados","description":"Do you need lawyers specialized in Labor Law? Contact us without obligation.","robots":{"index":"index","follow":"follow","max-snippet":"max-snippet:-1","max-image-preview":"max-image-preview:large","max-video-preview":"max-video-preview:-1"},"canonical":"https:\/\/www.abogadossyc.com\/en\/contact-us\/","og_locale":"en_US","og_type":"article","og_title":"Contact us - S&amp;C Abogados","og_description":"Do you need lawyers specialized in Labor Law? Contact us without obligation.","og_url":"https:\/\/www.abogadossyc.com\/en\/contact-us\/","og_site_name":"S&amp;C Abogados","article_modified_time":"2023-03-07T19:15:25+00:00","twitter_card":"summary_large_image","twitter_misc":{"Est. reading time":"14 minutes"},"schema":{"@context":"https:\/\/schema.org","@graph":[{"@type":"WebPage","@id":"https:\/\/www.abogadossyc.com\/en\/contact-us\/","url":"https:\/\/www.abogadossyc.com\/en\/contact-us\/","name":"Contact us - S&amp;C Abogados","isPartOf":{"@id":"https:\/\/www.abogadossyc.com\/#website"},"datePublished":"2023-03-01T14:41:51+00:00","dateModified":"2023-03-07T19:15:25+00:00","description":"Do you need lawyers specialized in Labor Law? Contact us without obligation.","breadcrumb":{"@id":"https:\/\/www.abogadossyc.com\/en\/contact-us\/#breadcrumb"},"inLanguage":"en-US","potentialAction":[{"@type":"ReadAction","target":["https:\/\/www.abogadossyc.com\/en\/contact-us\/"]}]},{"@type":"BreadcrumbList","@id":"https:\/\/www.abogadossyc.com\/en\/contact-us\/#breadcrumb","itemListElement":[{"@type":"ListItem","position":1,"name":"Portada","item":"https:\/\/www.abogadossyc.com\/en\/sc-abogados\/"},{"@type":"ListItem","position":2,"name":"Contact us"}]},{"@type":"WebSite","@id":"https:\/\/www.abogadossyc.com\/#website","url":"https:\/\/www.abogadossyc.com\/","name":"S&C Abogados","description":"Boutique Jur&iacute;dico legal","publisher":{"@id":"https:\/\/www.abogadossyc.com\/#organization"},"potentialAction":[{"@type":"SearchAction","target":{"@type":"EntryPoint","urlTemplate":"https:\/\/www.abogadossyc.com\/?s={search_term_string}"},"query-input":{"@type":"PropertyValueSpecification","valueRequired":true,"valueName":"search_term_string"}}],"inLanguage":"en-US"},{"@type":"Organization","@id":"https:\/\/www.abogadossyc.com\/#organization","name":"S&;C Abogados","url":"https:\/\/www.abogadossyc.com\/","logo":{"@type":"ImageObject","inLanguage":"en-US","@id":"https:\/\/www.abogadossyc.com\/#\/schema\/logo\/image\/","url":"https:\/\/www.abogadossyc.com\/wp-content\/uploads\/2023\/02\/SyC-Abogados.png","contentUrl":"https:\/\/www.abogadossyc.com\/wp-content\/uploads\/2023\/02\/SyC-Abogados.png","width":170,"height":139,"caption":"S&;C Abogados"},"image":{"@id":"https:\/\/www.abogadossyc.com\/#\/schema\/logo\/image\/"}}]}},"_links":{"self":[{"href":"https:\/\/www.abogadossyc.com\/en\/wp-json\/wp\/v2\/pages\/300","targetHints":{"allow":["GET"]}}],"collection":[{"href":"https:\/\/www.abogadossyc.com\/en\/wp-json\/wp\/v2\/pages"}],"about":[{"href":"https:\/\/www.abogadossyc.com\/en\/wp-json\/wp\/v2\/types\/page"}],"author":[{"embeddable":true,"href":"https:\/\/www.abogadossyc.com\/en\/wp-json\/wp\/v2\/users\/1"}],"replies":[{"embeddable":true,"href":"https:\/\/www.abogadossyc.com\/en\/wp-json\/wp\/v2\/comments?post=300"}],"version-history":[{"count":2,"href":"https:\/\/www.abogadossyc.com\/en\/wp-json\/wp\/v2\/pages\/300\/revisions"}],"predecessor-version":[{"id":302,"href":"https:\/\/www.abogadossyc.com\/en\/wp-json\/wp\/v2\/pages\/300\/revisions\/302"}],"wp:attachment":[{"href":"https:\/\/www.abogadossyc.com\/en\/wp-json\/wp\/v2\/media?parent=300"}],"curies":[{"name":"wp","href":"https:\/\/api.w.org\/{rel}","templated":true}]}}